{"id":380,"date":"2023-02-13T20:38:38","date_gmt":"2023-02-13T20:38:38","guid":{"rendered":"http:\/\/nahtelier.de\/?page_id=380"},"modified":"2023-03-22T14:43:33","modified_gmt":"2023-03-22T14:43:33","slug":"datenschutz","status":"publish","type":"page","link":"https:\/\/nahtelier.de\/?page_id=380","title":{"rendered":"Datenschutz"},"content":{"rendered":"<style>.kb-row-layout-id_97f88e-62 > .kt-row-column-wrap{align-content:start;}:where(.kb-row-layout-id_97f88e-62 > .kt-row-column-wrap) > .wp-block-kadence-column{justify-content:start;}.kb-row-layout-id_97f88e-62 > .kt-row-column-wrap{column-gap:var(--global-kb-gap-md, 2rem);row-gap:var(--global-kb-gap-md, 2rem);max-width:950px;margin-left:auto;margin-right:auto;padding-top:var(--global-kb-spacing-sm, 1.5rem);padding-bottom:var(--global-kb-spacing-sm, 1.5rem);grid-template-columns:minmax(0, 1fr);}.kb-row-layout-id_97f88e-62 > .kt-row-layout-overlay{opacity:0.30;}@media all and (max-width: 1024px){.kb-row-layout-id_97f88e-62 > .kt-row-column-wrap{grid-template-columns:minmax(0, 1fr);}}@media all and (max-width: 767px){.kb-row-layout-id_97f88e-62 > .kt-row-column-wrap{grid-template-columns:minmax(0, 1fr);}}<\/style><div class=\"kb-row-layout-wrap kb-row-layout-id_97f88e-62 alignnone wp-block-kadence-rowlayout\"><div class=\"kt-row-column-wrap kt-has-1-columns kt-row-layout-equal kt-tab-layout-inherit kt-mobile-layout-row kt-row-valign-top\">\n<style>.kadence-column_c47f2c-34 > .kt-inside-inner-col,.kadence-column_c47f2c-34 > .kt-inside-inner-col:before{border-top-left-radius:0px;border-top-right-radius:0px;border-bottom-right-radius:0px;border-bottom-left-radius:0px;}.kadence-column_c47f2c-34 > .kt-inside-inner-col{column-gap:var(--global-kb-gap-sm, 1rem);}.kadence-column_c47f2c-34 > .kt-inside-inner-col{flex-direction:column;}.kadence-column_c47f2c-34 > .kt-inside-inner-col > .aligncenter{width:100%;}.kadence-column_c47f2c-34 > .kt-inside-inner-col:before{opacity:0.3;}.kadence-column_c47f2c-34{position:relative;}@media all and (max-width: 1024px){.kadence-column_c47f2c-34 > .kt-inside-inner-col{flex-direction:column;}}@media all and (max-width: 767px){.kadence-column_c47f2c-34 > .kt-inside-inner-col{flex-direction:column;}}<\/style>\n<div class=\"wp-block-kadence-column kadence-column_c47f2c-34 inner-column-1\"><div class=\"kt-inside-inner-col\"><style>.wp-block-kadence-advancedheading.kt-adv-heading_0f63c1-55, .wp-block-kadence-advancedheading.kt-adv-heading_0f63c1-55[data-kb-block=\"kb-adv-heading_0f63c1-55\"]{font-style:normal;}.wp-block-kadence-advancedheading.kt-adv-heading_0f63c1-55 mark, .wp-block-kadence-advancedheading.kt-adv-heading_0f63c1-55[data-kb-block=\"kb-adv-heading_0f63c1-55\"] mark{font-style:normal;color:#f76a0c;padding-top:0px;padding-right:0px;padding-bottom:0px;padding-left:0px;}<\/style>\n<h5 class=\"kt-adv-heading_0f63c1-55 wp-block-kadence-advancedheading\" data-kb-block=\"kb-adv-heading_0f63c1-55\">Datenschutz<\/h5>\n\n\n<style>.wp-block-kadence-advancedheading.kt-adv-heading_338f6a-ab, .wp-block-kadence-advancedheading.kt-adv-heading_338f6a-ab[data-kb-block=\"kb-adv-heading_338f6a-ab\"]{font-size:0.9em;line-height:2em;font-style:normal;}.wp-block-kadence-advancedheading.kt-adv-heading_338f6a-ab mark, .wp-block-kadence-advancedheading.kt-adv-heading_338f6a-ab[data-kb-block=\"kb-adv-heading_338f6a-ab\"] mark{font-style:normal;color:#f76a0c;padding-top:0px;padding-right:0px;padding-bottom:0px;padding-left:0px;}<\/style>\n<p class=\"kt-adv-heading_338f6a-ab wp-block-kadence-advancedheading\" data-kb-block=\"kb-adv-heading_338f6a-ab\">Allgemeine Datenschutzerkl\u00e4rung<br><br>Durch den Besuch des Internetauftritts k\u00f6nnen Informationen (Datum, Uhrzeit, aufgerufene Seite) \u00fcber den Zugriff auf dem Server gespeichert werden. Es werden keine personenbezogenenen (z. B. Name, Anschrift oder E-Mail-Adresse) Daten, gespeichert.<br><br>Sofern personenbezogene Daten erhoben werden, erfolgt dies, sofern m\u00f6glich, nur mit dem vorherigen Einverst\u00e4ndnis des Nutzers der Webseite. Eine Weitergabe der Daten an Dritte findet ohne ausdr\u00fcckliche Zustimmung des Nutzers nicht statt.<br><br>Der Anbieter weist darauf hin, dass die \u00dcbertragung von Daten im Internet (z. B. per E-Mail) Sicherheitsl\u00fccken aufweisen und ein l\u00fcckenloser Schutz der Daten vor dem Zugriff Dritter nicht gew\u00e4hrleistet werden kann. Der Anbieter \u00fcbernimmt keine Haftung f\u00fcr die durch solche Sicherheitsl\u00fccken entstandenen Sch\u00e4den.<br><br>Der Verwendung der Kontaktdaten durch Dritte zur gewerblichen Nutzung wird ausdr\u00fccklich widersprochen. Es sei denn, der Anbieter hat zuvor seine schriftliche Einwilligung erteilt. Der Anbieter beh\u00e4lt sich rechtliche Schritte f\u00fcr den Fall der unverlangten Zusendung von Werbeinformationen, z. B. durch Spam-Mails, vor.<br><br>Externe Inhalte und\/oder Verarbeitung von Daten au\u00dferhalb der EU<br>Auf diesen Internetseiten verwenden wir aktive Java-Script-Inhalte von externen Anbietern. Durch Aufruf unserer Internetseite erhalten diese externen Anbieter ggf. personenbezogene Informationen \u00fcber Ihren Besuch auf unserer Internetseite. Hierbei ist eine Verarbeitung von Daten au\u00dferhalb der EU m\u00f6glich. Sie k\u00f6nnen dies verhindern, indem Sie einen Java-Script-Blocker wie z.B. das Browser-Plugin \u201aNoScript\u2018 installieren (www.noscript.net) oder java-Script in Ihrem Browser deaktivieren. Hierdurch kann es zu Funktionseinschr\u00e4nkungen auf Internetseiten kommen, die Sie besuchen.<br><br>Google<br>Auf diesen Internetseiten wird Java-Script Code des Unternehmens Google Inc., 1600 Amphitheatre Parkway, Mountain View, CA 94043, USA (nachfolgend: Google) nachgeladen. Wenn Sie in Ihrem Browser Java-Script aktiviert und keinen Java-Script-Blocker installiert haben, wird Ihr Browser ggf. personenbezogene Daten an Google \u00fcbermitteln. Uns ist nicht bekannt, welche Daten Google mit den erhaltenen Daten verkn\u00fcpft und zu welchen Zwecken Google diese Daten verwendet. Um die Ausf\u00fchrung von Java-Script Code von Google insgesamt zu verhindern, k\u00f6nnen Sie einen Java-Script-Blocker installieren.<br><br>jQuery<br>Diese JavaScript Programm Bibliothek ist lokal eingebunden.<br>Sollten in Zukunft diese Daten direkt geladen werden, gilt das Folgende:<br>Auf diesen Internetseiten verwenden wir Ajax und jQuery Technologien, wodurch eine Optimierung der Ladegeschwindigkeiten erzielt wird. Diesbez\u00fcglich werden Programmbibliotheken von Google Servern aufgerufen. Es wird das CDN (Content delivery network) von Google verwendet. Sollten Sie jQuery vorher auf einer anderen Seite vom Google CDN gebraucht haben, wird Ihr Browser auf die im Cache abgelegte Kopie zur\u00fcckgreifen. Ist dies nicht zutreffend, erfordert dies ein Herunterladen, wobei Daten von Ihrem Browser an Google!Inc. (\u201eGoogle\u201d) gelangen. Ihre Daten werden in die USA \u00fcbertragen. N\u00e4heres erfahren Sie auf den Seiten der Anbieter.<\/p>\n\n\n<style>.wp-block-kadence-advancedheading.kt-adv-heading_87dde9-52, .wp-block-kadence-advancedheading.kt-adv-heading_87dde9-52[data-kb-block=\"kb-adv-heading_87dde9-52\"]{font-size:0.9em;line-height:2em;font-style:normal;}.wp-block-kadence-advancedheading.kt-adv-heading_87dde9-52 mark, .wp-block-kadence-advancedheading.kt-adv-heading_87dde9-52[data-kb-block=\"kb-adv-heading_87dde9-52\"] mark{font-style:normal;color:#f76a0c;padding-top:0px;padding-right:0px;padding-bottom:0px;padding-left:0px;}<\/style>\n<p class=\"kt-adv-heading_87dde9-52 wp-block-kadence-advancedheading\" data-kb-block=\"kb-adv-heading_87dde9-52\">Cookies<br>Auf den Seiten werden Cookies eingebunden, die zum Betreiben der Website essentiell sind.<br>1. wordpress_test-cookie<br>Dieses Cookie bleibt nur f\u00fcr die aktuelle Browsersitzung bestehen.<br>Zweck: Testet ob Cookies platziert werden k\u00f6nnen.<br>2. PHP SESSION ID<br>Dieses Cookie bleibt nur f\u00fcr die aktuelle Browsersitzung bestehen.<br>Zweck: Speichert die aktuelle PHP-Session.<br><br>Links zu anderen Websites<br>Im Angebot sind Verlinkungen zu anderen Websites implementiert. Es besteht unsererseits keine Einflussnahme darauf, dass die Betreiber der externen Website die Datenschutzbestimmungen einhalten.<\/p>\n<\/div><\/div>\n\n<\/div><\/div>","protected":false},"excerpt":{"rendered":"<p>Datenschutz Allgemeine Datenschutzerkl\u00e4rung Durch den Besuch des Internetauftritts k\u00f6nnen Informationen (Datum, Uhrzeit, aufgerufene Seite) \u00fcber den Zugriff auf dem Server gespeichert werden. Es werden keine personenbezogenenen (z. B. Name, Anschrift oder E-Mail-Adresse) Daten, gespeichert. Sofern personenbezogene Daten erhoben werden, erfolgt dies, sofern m\u00f6glich, nur mit dem vorherigen Einverst\u00e4ndnis des Nutzers der Webseite. Eine Weitergabe der&#8230;<\/p>\n","protected":false},"author":1,"featured_media":0,"parent":0,"menu_order":0,"comment_status":"closed","ping_status":"closed","template":"","meta":{"_kad_blocks_custom_css":"","_kad_blocks_head_custom_js":"","_kad_blocks_body_custom_js":"","_kad_blocks_footer_custom_js":"","_kad_post_transparent":"","_kad_post_title":"","_kad_post_layout":"","_kad_post_sidebar_id":"","_kad_post_content_style":"","_kad_post_vertical_padding":"","_kad_post_feature":"","_kad_post_feature_position":"","_kad_post_header":false,"_kad_post_footer":false,"footnotes":""},"class_list":["post-380","page","type-page","status-publish","hentry"],"taxonomy_info":[],"featured_image_src_large":false,"author_info":{"display_name":"admin","author_link":"https:\/\/nahtelier.de\/?author=1"},"comment_info":0,"_links":{"self":[{"href":"https:\/\/nahtelier.de\/index.php?rest_route=\/wp\/v2\/pages\/380"}],"collection":[{"href":"https:\/\/nahtelier.de\/index.php?rest_route=\/wp\/v2\/pages"}],"about":[{"href":"https:\/\/nahtelier.de\/index.php?rest_route=\/wp\/v2\/types\/page"}],"author":[{"embeddable":true,"href":"https:\/\/nahtelier.de\/index.php?rest_route=\/wp\/v2\/users\/1"}],"replies":[{"embeddable":true,"href":"https:\/\/nahtelier.de\/index.php?rest_route=%2Fwp%2Fv2%2Fcomments&post=380"}],"version-history":[{"count":7,"href":"https:\/\/nahtelier.de\/index.php?rest_route=\/wp\/v2\/pages\/380\/revisions"}],"predecessor-version":[{"id":546,"href":"https:\/\/nahtelier.de\/index.php?rest_route=\/wp\/v2\/pages\/380\/revisions\/546"}],"wp:attachment":[{"href":"https:\/\/nahtelier.de\/index.php?rest_route=%2Fwp%2Fv2%2Fmedia&parent=380"}],"curies":[{"name":"wp","href":"https:\/\/api.w.org\/{rel}","templated":true}]}}