{"id":3,"date":"2023-01-27T15:58:03","date_gmt":"2023-01-27T15:58:03","guid":{"rendered":"http:\/\/nahtelier.de\/?page_id=3"},"modified":"2023-02-13T20:37:53","modified_gmt":"2023-02-13T20:37:53","slug":"privacy-policy","status":"publish","type":"page","link":"https:\/\/nahtelier.de\/?page_id=3","title":{"rendered":"Impressum"},"content":{"rendered":"<style>#kt-layout-id_9d28ab-db > .kt-row-column-wrap{align-content:start;}:where(#kt-layout-id_9d28ab-db > .kt-row-column-wrap) > .wp-block-kadence-column{justify-content:start;}#kt-layout-id_9d28ab-db > .kt-row-column-wrap{column-gap:var(--global-kb-gap-md, 2rem);row-gap:var(--global-kb-gap-md, 2rem);max-width:950px;margin-left:auto;margin-right:auto;padding-top:var( --global-kb-row-default-top, 25px );padding-bottom:var( --global-kb-row-default-bottom, 25px );padding-top:var(--global-kb-spacing-sm, 1.5rem);padding-bottom:var(--global-kb-spacing-sm, 1.5rem);grid-template-columns:minmax(0, 1fr);}#kt-layout-id_9d28ab-db > .kt-row-layout-overlay{opacity:0.30;}@media all and (max-width: 1024px){#kt-layout-id_9d28ab-db > .kt-row-column-wrap{grid-template-columns:minmax(0, 1fr);}}@media all and (max-width: 767px){#kt-layout-id_9d28ab-db > .kt-row-column-wrap{grid-template-columns:minmax(0, 1fr);}}<\/style>\n<div class=\"wp-block-kadence-rowlayout alignnone\"><div id=\"kt-layout-id_9d28ab-db\" class=\"kt-row-layout-inner kt-layout-id_9d28ab-db\"><div class=\"kt-row-column-wrap kt-has-1-columns kt-gutter-default kt-v-gutter-default kt-row-valign-top kt-row-layout-equal kt-tab-layout-inherit kt-m-colapse-left-to-right kt-mobile-layout-row\"><style>.kadence-column_e9437d-4e > .kt-inside-inner-col{border-top-width:0px;border-right-width:0px;border-bottom-width:0px;border-left-width:0px;}.kadence-column_e9437d-4e > .kt-inside-inner-col,.kadence-column_e9437d-4e > .kt-inside-inner-col:before{border-top-left-radius:0px;border-top-right-radius:0px;border-bottom-right-radius:0px;border-bottom-left-radius:0px;}.kadence-column_e9437d-4e > .kt-inside-inner-col{column-gap:var(--global-kb-gap-sm, 1rem);}.kadence-column_e9437d-4e > .kt-inside-inner-col{flex-direction:column;}.kadence-column_e9437d-4e > .kt-inside-inner-col > .aligncenter{width:100%;}.kadence-column_e9437d-4e > .kt-inside-inner-col:before{opacity:0.3;}.kadence-column_e9437d-4e{position:relative;}@media all and (max-width: 1024px){.kadence-column_e9437d-4e > .kt-inside-inner-col{flex-direction:column;}}@media all and (max-width: 767px){.kadence-column_e9437d-4e > .kt-inside-inner-col{flex-direction:column;}}<\/style>\n<div class=\"wp-block-kadence-column inner-column-1 kadence-column_e9437d-4e\"><div class=\"kt-inside-inner-col\"><style>.wp-block-kadence-advancedheading.kt-adv-heading_af1941-33, .wp-block-kadence-advancedheading.kt-adv-heading_af1941-33[data-kb-block=\"kb-adv-heading_af1941-33\"]{font-style:normal;}.wp-block-kadence-advancedheading.kt-adv-heading_af1941-33 mark, .wp-block-kadence-advancedheading.kt-adv-heading_af1941-33[data-kb-block=\"kb-adv-heading_af1941-33\"] mark{font-style:normal;color:#f76a0c;padding-top:0px;padding-right:0px;padding-bottom:0px;padding-left:0px;}<\/style>\n<h5 class=\"kt-adv-heading_af1941-33 wp-block-kadence-advancedheading has-theme-palette-4-color has-text-color\" data-kb-block=\"kb-adv-heading_af1941-33\">Impressum<\/h5>\n\n\n<style>.wp-block-kadence-iconlist.kt-svg-icon-list-items_0d1aed-85:not(.this-stops-third-party-issues){margin-top:0px;margin-bottom:0px;}.wp-block-kadence-iconlist.kt-svg-icon-list-items_0d1aed-85 ul.kt-svg-icon-list:not(.this-prevents-issues):not(.this-stops-third-party-issues):not(.tijsloc){margin-top:0px;margin-right:0px;margin-bottom:var(--global-kb-spacing-sm, 1.5rem);margin-left:0px;}.wp-block-kadence-iconlist.kt-svg-icon-list-items_0d1aed-85 ul.kt-svg-icon-list{grid-row-gap:6px;}.wp-block-kadence-iconlist.kt-svg-icon-list-items_0d1aed-85 ul.kt-svg-icon-list .kt-svg-icon-list-item-wrap .kt-svg-icon-list-single{margin-right:10px;}.kt-svg-icon-list-items_0d1aed-85 ul.kt-svg-icon-list .kt-svg-icon-list-item-wrap, .kt-svg-icon-list-items_0d1aed-85 ul.kt-svg-icon-list .kt-svg-icon-list-item-wrap a{font-size:0.9em;line-height:2em;}.kt-svg-icon-list-items_0d1aed-85 ul.kt-svg-icon-list .kt-svg-icon-list-level-0 .kt-svg-icon-list-single svg{font-size:20px;}.kt-svg-icon-list-items_0d1aed-85 ul.kt-svg-icon-list .kt-svg-icon-list-level-1 .kt-svg-icon-list-single svg{font-size:20px;}.kt-svg-icon-list-items_0d1aed-85 ul.kt-svg-icon-list .kt-svg-icon-list-level-2 .kt-svg-icon-list-single svg{font-size:20px;}.kt-svg-icon-list-items_0d1aed-85 ul.kt-svg-icon-list .kt-svg-icon-list-level-3 .kt-svg-icon-list-single svg{font-size:20px;}.kt-svg-icon-list-items_0d1aed-85 ul.kt-svg-icon-list .kt-svg-icon-list-level-4 .kt-svg-icon-list-single svg{font-size:20px;}@media all and (min-width: 1025px){.wp-block-kadence-iconlist.kt-svg-icon-list-items_0d1aed-85:not(.kt-svg-icon-list-columns-1) ul.kt-svg-icon-list .kt-svg-icon-list-item-wrap:not(:last-child){margin:0px;}}@media all and (min-width: 768px) and (max-width: 1024px){.wp-block-kadence-iconlist.kt-svg-icon-list-items_0d1aed-85:not(.kt-tablet-svg-icon-list-columns-1) ul.kt-svg-icon-list .kt-svg-icon-list-item-wrap:not(:last-child){margin:0px;}}@media all and (max-width: 767px){.wp-block-kadence-iconlist.kt-svg-icon-list-items_0d1aed-85:not(.kt-mobile-svg-icon-list-columns-1) ul.kt-svg-icon-list .kt-svg-icon-list-item-wrap:not(:last-child){margin:0px;}}<\/style>\n<div class=\"wp-block-kadence-iconlist kt-svg-icon-list-items kt-svg-icon-list-items_0d1aed-85 kt-svg-icon-list-columns-3 alignnone kt-list-icon-aligntop\"><ul class=\"kt-svg-icon-list\"><li class=\"kt-svg-icon-list-style-default kt-svg-icon-list-item-wrap kt-svg-icon-list-item-0 kt-svg-icon-list-level-0\"><div style=\"display:inline-flex;justify-content:center;align-items:center\" class=\"kt-svg-icon-list-single kt-svg-icon-list-single-fe_checkCircle\"><svg style=\"display:inline-block;vertical-align:middle\" viewBox=\"0 0 24 24\" height=\"20\" width=\"20\" fill=\"none\" stroke=\"currentColor\" xmlns=\"http:\/\/www.w3.org\/2000\/svg\" stroke-width=\"2\" stroke-linecap=\"round\" stroke-linejoin=\"round\" aria-hidden=\"true\"><path d=\"M22 11.08V12a10 10 0 1 1-5.93-9.14\"><\/path><polyline points=\"22 4 12 14.01 9 11.01\"><\/polyline><\/svg><\/div><span class=\"kt-svg-icon-list-text\">NAHTelier<br>Kerstin Uffelmann<br>Schneidermeisterin<br>Friedhofstra\u00dfe 8<br>35043 Marburg<\/span><\/li><li class=\"kt-svg-icon-list-style-default kt-svg-icon-list-item-wrap kt-svg-icon-list-item-1 kt-svg-icon-list-level-0\"><div style=\"display:inline-flex;justify-content:center;align-items:center\" class=\"kt-svg-icon-list-single kt-svg-icon-list-single-fe_checkCircle\"><svg style=\"display:inline-block;vertical-align:middle\" viewBox=\"0 0 24 24\" height=\"20\" width=\"20\" fill=\"none\" stroke=\"currentColor\" xmlns=\"http:\/\/www.w3.org\/2000\/svg\" stroke-width=\"2\" stroke-linecap=\"round\" stroke-linejoin=\"round\" aria-hidden=\"true\"><path d=\"M22 11.08V12a10 10 0 1 1-5.93-9.14\"><\/path><polyline points=\"22 4 12 14.01 9 11.01\"><\/polyline><\/svg><\/div><span class=\"kt-svg-icon-list-text\"><strong>T:<\/strong>\u00a0(0 64 21) 48 48 15<br><strong>M:<\/strong>\u00a0(0 160) 92 15 90 67<br><strong>E:<\/strong>\u00a0<a href=\"mailto:mail@nahtelier.de\">mail@nahtelier.de<\/a><\/span><\/li><li class=\"kt-svg-icon-list-style-default kt-svg-icon-list-item-wrap kt-svg-icon-list-item-2 kt-svg-icon-list-level-0\"><div style=\"display:inline-flex;justify-content:center;align-items:center\" class=\"kt-svg-icon-list-single kt-svg-icon-list-single-fe_checkCircle\"><svg style=\"display:inline-block;vertical-align:middle\" viewBox=\"0 0 24 24\" height=\"20\" width=\"20\" fill=\"none\" stroke=\"currentColor\" xmlns=\"http:\/\/www.w3.org\/2000\/svg\" stroke-width=\"2\" stroke-linecap=\"round\" stroke-linejoin=\"round\" aria-hidden=\"true\"><path d=\"M22 11.08V12a10 10 0 1 1-5.93-9.14\"><\/path><polyline points=\"22 4 12 14.01 9 11.01\"><\/polyline><\/svg><\/div><span class=\"kt-svg-icon-list-text\"><strong>MO-FR:<\/strong>\u00a009:00 \u2013 17:00<br><strong>SA, SO, Feiertag:<\/strong>\u00a0geschlossen<\/span><\/li><\/ul><\/div>\n\n\n<style>.wp-block-kadence-advancedheading.kt-adv-heading_7e64e2-47, .wp-block-kadence-advancedheading.kt-adv-heading_7e64e2-47[data-kb-block=\"kb-adv-heading_7e64e2-47\"]{font-size:0.9em;line-height:2em;font-style:normal;}.wp-block-kadence-advancedheading.kt-adv-heading_7e64e2-47 mark, .wp-block-kadence-advancedheading.kt-adv-heading_7e64e2-47[data-kb-block=\"kb-adv-heading_7e64e2-47\"] mark{font-style:normal;color:#f76a0c;padding-top:0px;padding-right:0px;padding-bottom:0px;padding-left:0px;}<\/style>\n<p class=\"kt-adv-heading_7e64e2-47 wp-block-kadence-advancedheading\" data-kb-block=\"kb-adv-heading_7e64e2-47\">1. Haftungsbeschr\u00e4nkung<br>Die Inhalte des Internetauftritts wurden mit gr\u00f6\u00dftm\u00f6glicher Sorgfalt und nach bestem Gewissen erstellt. Dennoch \u00fcbernimmt der Anbieter dieser Webseite keine Gew\u00e4hr f\u00fcr die Aktualit\u00e4t, Vollst\u00e4ndigkeit und Richtigkeit der bereitgestellten Seiten und Inhalte. Als Diensteanbieter ist der Anbieter dieser Webseite gem\u00e4\u00df \u00a7 7 Abs. 1 TMG f\u00fcr eigene Inhalte und bereitgestellte Informationen auf diesen Seiten nach den allgemeinen Gesetzen verantwortlich; nach den \u00a7\u00a7 8 bis 10 TMG jedoch nicht verpflichtet, die \u00fcbermittelten oder gespeicherten fremden Informationen zu \u00fcberwachen. Eine Entfernung oder Sperrung dieser Inhalte erfolgt umgehend ab dem Zeitpunkt der Kenntnis einer konkreten Rechtsverletzung. Eine Haftung ist erst ab dem Zeitpunkt der Kenntniserlangung m\u00f6glich.<br><br>2. Externe Links<br>Die Webseite enth\u00e4lt sog. \u201eexterne Links\u201c (Verlinkungen) zu anderen Webseiten, auf deren Inhalt der Anbieter der Webseite keinen Einfluss hat. Aus diesem Grund kann der Anbieter f\u00fcr diese Inhalte auch keine Gew\u00e4hr \u00fcbernehmen. F\u00fcr die Inhalte und Richtigkeit der bereitgestellten Informationen ist der jeweilige Anbieter der verlinkten Webseite verantwortlich. Zum Zeitpunkt der Verlinkung waren keine Rechtsverst\u00f6\u00dfe erkennbar. Bei Bekanntwerden einer solchen Rechtsverletzung wird der Link umgehend entfernen.<br><br>3. Urheberrecht\/Leistungsschutzrecht<br>Die auf dieser Webseite ver\u00f6ffentlichten Inhalte, Werke und bereitgestellten Informationen unterliegen dem deutschen Urheberrecht und Leistungsschutzrecht. Jede Art der Vervielf\u00e4ltigung, Bearbeitung, Verbreitung, Einspeicherung und jede Art der Verwertung au\u00dferhalb der Grenzen des Urheberrechts bedarf der vorherigen schriftlichen Zustimmung des jeweiligen Rechteinhabers. Das unerlaubte Kopieren\/Speichern der bereitgestellten Informationen auf diesen Webseiten ist nicht gestattet und strafbar.<\/p>\n<\/div><\/div>\n<\/div><\/div><\/div>\n","protected":false},"excerpt":{"rendered":"<p>Impressum 1. Haftungsbeschr\u00e4nkungDie Inhalte des Internetauftritts wurden mit gr\u00f6\u00dftm\u00f6glicher Sorgfalt und nach bestem Gewissen erstellt. Dennoch \u00fcbernimmt der Anbieter dieser Webseite keine Gew\u00e4hr f\u00fcr die Aktualit\u00e4t, Vollst\u00e4ndigkeit und Richtigkeit der bereitgestellten Seiten und Inhalte. Als Diensteanbieter ist der Anbieter dieser Webseite gem\u00e4\u00df \u00a7 7 Abs. 1 TMG f\u00fcr eigene Inhalte und bereitgestellte Informationen auf diesen&#8230;<\/p>\n","protected":false},"author":1,"featured_media":0,"parent":0,"menu_order":0,"comment_status":"closed","ping_status":"open","template":"","meta":{"_kad_blocks_custom_css":"","_kad_blocks_head_custom_js":"","_kad_blocks_body_custom_js":"","_kad_blocks_footer_custom_js":"","_kad_post_transparent":"","_kad_post_title":"","_kad_post_layout":"","_kad_post_sidebar_id":"","_kad_post_content_style":"","_kad_post_vertical_padding":"","_kad_post_feature":"","_kad_post_feature_position":"","_kad_post_header":false,"_kad_post_footer":false,"footnotes":""},"class_list":["post-3","page","type-page","status-publish","hentry"],"taxonomy_info":[],"featured_image_src_large":false,"author_info":{"display_name":"admin","author_link":"https:\/\/nahtelier.de\/?author=1"},"comment_info":0,"_links":{"self":[{"href":"https:\/\/nahtelier.de\/index.php?rest_route=\/wp\/v2\/pages\/3"}],"collection":[{"href":"https:\/\/nahtelier.de\/index.php?rest_route=\/wp\/v2\/pages"}],"about":[{"href":"https:\/\/nahtelier.de\/index.php?rest_route=\/wp\/v2\/types\/page"}],"author":[{"embeddable":true,"href":"https:\/\/nahtelier.de\/index.php?rest_route=\/wp\/v2\/users\/1"}],"replies":[{"embeddable":true,"href":"https:\/\/nahtelier.de\/index.php?rest_route=%2Fwp%2Fv2%2Fcomments&post=3"}],"version-history":[{"count":4,"href":"https:\/\/nahtelier.de\/index.php?rest_route=\/wp\/v2\/pages\/3\/revisions"}],"predecessor-version":[{"id":378,"href":"https:\/\/nahtelier.de\/index.php?rest_route=\/wp\/v2\/pages\/3\/revisions\/378"}],"wp:attachment":[{"href":"https:\/\/nahtelier.de\/index.php?rest_route=%2Fwp%2Fv2%2Fmedia&parent=3"}],"curies":[{"name":"wp","href":"https:\/\/api.w.org\/{rel}","templated":true}]}}